{"id":845,"date":"2017-08-17T11:26:29","date_gmt":"2017-08-17T11:26:29","guid":{"rendered":"http:\/\/www.baraklara.cz\/?page_id=845"},"modified":"2023-08-29T07:17:27","modified_gmt":"2023-08-29T07:17:27","slug":"hudba","status":"publish","type":"page","link":"https:\/\/www.baraklara.cz\/?page_id=845","title":{"rendered":"Hudba"},"content":{"rendered":"<p>&nbsp; Hudba Zp\u00edv\u00e1m s&nbsp;radost\u00ed p\u0159ev\u00e1\u017en\u011b jazzov\u00fd a popov\u00fd reperto\u00e1r, solo nebo jako \u010dlenka sboru. Na housle hraji v&nbsp;orchestru nebo jako hostuj\u00edc\u00ed sekundistka Kl\u00e1rova kvarteta. Zp\u011bv i hru na housle ovl\u00e1d\u00e1m takzvan\u011b \u201ez listu\u201c, tedy rovnou z not. &nbsp; &nbsp; B\u00e1ra <a href=\"https:\/\/www.baraklara.cz\/?page_id=845\" title=\"Read more on Hudba\" class=\"more-link\">read more<\/a><\/p>\n","protected":false},"excerpt":{"rendered":"<p>&nbsp; Hudba Zp\u00edv\u00e1m s&nbsp;radost\u00ed p\u0159ev\u00e1\u017en\u011b jazzov\u00fd a popov\u00fd reperto\u00e1r, solo nebo jako \u010dlenka sboru. Na housle hraji v&nbsp;orchestru nebo jako hostuj\u00edc\u00ed sekundistka Kl\u00e1rova kvarteta. Zp\u011bv i hru na housle ovl\u00e1d\u00e1m takzvan\u011b \u201ez listu\u201c, tedy rovnou z not. &nbsp; &nbsp; B\u00e1ra read more<\/p>\n","protected":false},"author":2,"featured_media":0,"parent":0,"menu_order":0,"comment_status":"closed","ping_status":"closed","template":"","meta":{"ngg_post_thumbnail":0,"footnotes":""},"_links":{"self":[{"href":"https:\/\/www.baraklara.cz\/index.php?rest_route=\/wp\/v2\/pages\/845"}],"collection":[{"href":"https:\/\/www.baraklara.cz\/index.php?rest_route=\/wp\/v2\/pages"}],"about":[{"href":"https:\/\/www.baraklara.cz\/index.php?rest_route=\/wp\/v2\/types\/page"}],"author":[{"embeddable":true,"href":"https:\/\/www.baraklara.cz\/index.php?rest_route=\/wp\/v2\/users\/2"}],"replies":[{"embeddable":true,"href":"https:\/\/www.baraklara.cz\/index.php?rest_route=%2Fwp%2Fv2%2Fcomments&post=845"}],"version-history":[{"count":64,"href":"https:\/\/www.baraklara.cz\/index.php?rest_route=\/wp\/v2\/pages\/845\/revisions"}],"predecessor-version":[{"id":2238,"href":"https:\/\/www.baraklara.cz\/index.php?rest_route=\/wp\/v2\/pages\/845\/revisions\/2238"}],"wp:attachment":[{"href":"https:\/\/www.baraklara.cz\/index.php?rest_route=%2Fwp%2Fv2%2Fmedia&parent=845"}],"curies":[{"name":"wp","href":"https:\/\/api.w.org\/{rel}","templated":true}]}}