{"id":828,"date":"2017-08-17T09:28:10","date_gmt":"2017-08-17T09:28:10","guid":{"rendered":"http:\/\/www.baraklara.cz\/?page_id=828"},"modified":"2022-04-11T11:38:46","modified_gmt":"2022-04-11T11:38:46","slug":"hlas","status":"publish","type":"page","link":"https:\/\/www.baraklara.cz\/?page_id=828","title":{"rendered":"Hlas"},"content":{"rendered":"<p>&nbsp; Hlas A\u0165 u\u017e pot\u0159ebujete voiceover pro reklamn\u00ed \u00fa\u010dely, hlasov\u00e9ho pr\u016fvodce do instrukt\u00e1\u017en\u00edho videa, hlasov\u00fd syst\u00e9m IVR nebo t\u0159eba na\u010dten\u00ed audioknihy, r\u00e1da prop\u016fj\u010d\u00edm sv\u016fj hlas a profesion\u00e1ln\u00ed pr\u016fpravu. V&nbsp;\u010de\u0161tin\u011b i angli\u010dtin\u011b. &nbsp;<\/p>\n","protected":false},"excerpt":{"rendered":"<p>&nbsp; Hlas A\u0165 u\u017e pot\u0159ebujete voiceover pro reklamn\u00ed \u00fa\u010dely, hlasov\u00e9ho pr\u016fvodce do instrukt\u00e1\u017en\u00edho videa, hlasov\u00fd syst\u00e9m IVR nebo t\u0159eba na\u010dten\u00ed audioknihy, r\u00e1da prop\u016fj\u010d\u00edm sv\u016fj hlas a profesion\u00e1ln\u00ed pr\u016fpravu. V&nbsp;\u010de\u0161tin\u011b i angli\u010dtin\u011b. &nbsp;<\/p>\n","protected":false},"author":2,"featured_media":0,"parent":0,"menu_order":0,"comment_status":"closed","ping_status":"closed","template":"","meta":{"ngg_post_thumbnail":0,"footnotes":""},"_links":{"self":[{"href":"https:\/\/www.baraklara.cz\/index.php?rest_route=\/wp\/v2\/pages\/828"}],"collection":[{"href":"https:\/\/www.baraklara.cz\/index.php?rest_route=\/wp\/v2\/pages"}],"about":[{"href":"https:\/\/www.baraklara.cz\/index.php?rest_route=\/wp\/v2\/types\/page"}],"author":[{"embeddable":true,"href":"https:\/\/www.baraklara.cz\/index.php?rest_route=\/wp\/v2\/users\/2"}],"replies":[{"embeddable":true,"href":"https:\/\/www.baraklara.cz\/index.php?rest_route=%2Fwp%2Fv2%2Fcomments&post=828"}],"version-history":[{"count":94,"href":"https:\/\/www.baraklara.cz\/index.php?rest_route=\/wp\/v2\/pages\/828\/revisions"}],"predecessor-version":[{"id":2214,"href":"https:\/\/www.baraklara.cz\/index.php?rest_route=\/wp\/v2\/pages\/828\/revisions\/2214"}],"wp:attachment":[{"href":"https:\/\/www.baraklara.cz\/index.php?rest_route=%2Fwp%2Fv2%2Fmedia&parent=828"}],"curies":[{"name":"wp","href":"https:\/\/api.w.org\/{rel}","templated":true}]}}