{"id":2,"date":"2011-04-25T08:57:24","date_gmt":"2011-04-25T08:57:24","guid":{"rendered":"http:\/\/www.baraklara.cz\/?page_id=2"},"modified":"2022-04-11T11:33:34","modified_gmt":"2022-04-11T11:33:34","slug":"neco-o-me","status":"publish","type":"page","link":"https:\/\/www.baraklara.cz\/","title":{"rendered":"Uvodn\u00ed str\u00e1nka"},"content":{"rendered":"<p>P\u0159\u00edjemn\u00fd hlas s mnohaletou prax\u00ed hlasatelky a jako profesion\u00e1ln\u00ed voiceover. Moder\u00e1torka s reprezentativn\u00edm vystupov\u00e1n\u00edm, kter\u00e1 je spolehliv\u00e1 i vtipn\u00e1 v \u010desk\u00e9m a anglick\u00e9m jazyce. Autorka n\u00e1padit\u00fdch text\u016f, a\u0165 u\u017e jde o d\u011btskou literaturu, televizn\u00ed sc\u00e9n\u00e1\u0159e nebo reklamn\u00ed c <a href=\"https:\/\/www.baraklara.cz\/\" title=\"Read more on Uvodn\u00ed str\u00e1nka\" class=\"more-link\">read more<\/a><\/p>\n","protected":false},"excerpt":{"rendered":"<p>P\u0159\u00edjemn\u00fd hlas s mnohaletou prax\u00ed hlasatelky a jako profesion\u00e1ln\u00ed voiceover. Moder\u00e1torka s reprezentativn\u00edm vystupov\u00e1n\u00edm, kter\u00e1 je spolehliv\u00e1 i vtipn\u00e1 v \u010desk\u00e9m a anglick\u00e9m jazyce. Autorka n\u00e1padit\u00fdch text\u016f, a\u0165 u\u017e jde o d\u011btskou literaturu, televizn\u00ed sc\u00e9n\u00e1\u0159e nebo reklamn\u00ed c read more<\/p>\n","protected":false},"author":1,"featured_media":1376,"parent":0,"menu_order":0,"comment_status":"closed","ping_status":"open","template":"","meta":{"ngg_post_thumbnail":0,"footnotes":""},"_links":{"self":[{"href":"https:\/\/www.baraklara.cz\/index.php?rest_route=\/wp\/v2\/pages\/2"}],"collection":[{"href":"https:\/\/www.baraklara.cz\/index.php?rest_route=\/wp\/v2\/pages"}],"about":[{"href":"https:\/\/www.baraklara.cz\/index.php?rest_route=\/wp\/v2\/types\/page"}],"author":[{"embeddable":true,"href":"https:\/\/www.baraklara.cz\/index.php?rest_route=\/wp\/v2\/users\/1"}],"replies":[{"embeddable":true,"href":"https:\/\/www.baraklara.cz\/index.php?rest_route=%2Fwp%2Fv2%2Fcomments&post=2"}],"version-history":[{"count":159,"href":"https:\/\/www.baraklara.cz\/index.php?rest_route=\/wp\/v2\/pages\/2\/revisions"}],"predecessor-version":[{"id":2211,"href":"https:\/\/www.baraklara.cz\/index.php?rest_route=\/wp\/v2\/pages\/2\/revisions\/2211"}],"wp:featuredmedia":[{"embeddable":true,"href":"https:\/\/www.baraklara.cz\/index.php?rest_route=\/wp\/v2\/media\/1376"}],"wp:attachment":[{"href":"https:\/\/www.baraklara.cz\/index.php?rest_route=%2Fwp%2Fv2%2Fmedia&parent=2"}],"curies":[{"name":"wp","href":"https:\/\/api.w.org\/{rel}","templated":true}]}}