{"id":1411,"date":"2017-10-23T19:39:07","date_gmt":"2017-10-23T19:39:07","guid":{"rendered":"http:\/\/www.baraklara.cz\/?page_id=1411"},"modified":"2017-10-23T20:00:38","modified_gmt":"2017-10-23T20:00:38","slug":"nonono","status":"publish","type":"page","link":"https:\/\/www.baraklara.cz\/?page_id=1411","title":{"rendered":"Nonono"},"content":{"rendered":"<p>&nbsp; \u0158ekli jsme si, \u017ee nen\u00ed na \u0161kodu zop\u00e1knout si z\u00e1klady slu\u0161n\u00e9ho chov\u00e1n\u00ed. Za\u010dali jsme u d\u011bt\u00ed, ale v\u011bkov\u00e1 hranice div\u00e1k\u016f spot\u016f &#8220;Nonono!&#8221; neexistuje. Nonono!<\/p>\n","protected":false},"excerpt":{"rendered":"<p>&nbsp; \u0158ekli jsme si, \u017ee nen\u00ed na \u0161kodu zop\u00e1knout si z\u00e1klady slu\u0161n\u00e9ho chov\u00e1n\u00ed. Za\u010dali jsme u d\u011bt\u00ed, ale v\u011bkov\u00e1 hranice div\u00e1k\u016f spot\u016f &#8220;Nonono!&#8221; neexistuje. Nonono!<\/p>\n","protected":false},"author":2,"featured_media":0,"parent":0,"menu_order":0,"comment_status":"closed","ping_status":"closed","template":"","meta":{"ngg_post_thumbnail":0,"footnotes":""},"_links":{"self":[{"href":"https:\/\/www.baraklara.cz\/index.php?rest_route=\/wp\/v2\/pages\/1411"}],"collection":[{"href":"https:\/\/www.baraklara.cz\/index.php?rest_route=\/wp\/v2\/pages"}],"about":[{"href":"https:\/\/www.baraklara.cz\/index.php?rest_route=\/wp\/v2\/types\/page"}],"author":[{"embeddable":true,"href":"https:\/\/www.baraklara.cz\/index.php?rest_route=\/wp\/v2\/users\/2"}],"replies":[{"embeddable":true,"href":"https:\/\/www.baraklara.cz\/index.php?rest_route=%2Fwp%2Fv2%2Fcomments&post=1411"}],"version-history":[{"count":10,"href":"https:\/\/www.baraklara.cz\/index.php?rest_route=\/wp\/v2\/pages\/1411\/revisions"}],"predecessor-version":[{"id":1425,"href":"https:\/\/www.baraklara.cz\/index.php?rest_route=\/wp\/v2\/pages\/1411\/revisions\/1425"}],"wp:attachment":[{"href":"https:\/\/www.baraklara.cz\/index.php?rest_route=%2Fwp%2Fv2%2Fmedia&parent=1411"}],"curies":[{"name":"wp","href":"https:\/\/api.w.org\/{rel}","templated":true}]}}