{"id":1318,"date":"2017-09-10T11:50:05","date_gmt":"2017-09-10T11:50:05","guid":{"rendered":"http:\/\/www.baraklara.cz\/?page_id=1318"},"modified":"2021-03-17T22:44:36","modified_gmt":"2021-03-17T22:44:36","slug":"bezpecne-banky","status":"publish","type":"page","link":"https:\/\/www.baraklara.cz\/?page_id=1318","title":{"rendered":"Bezpe\u010dn\u00e9 banky"},"content":{"rendered":"<p>Tvorba konceptu i jednotliv\u00fdch sc\u00e9n\u00e1\u0159\u016f spot\u016f bezpe\u010dnostn\u00ed kampan\u011b pro \u010ceskou bankovn\u00ed asociaci.<\/p>\n","protected":false},"excerpt":{"rendered":"<p>Tvorba konceptu i jednotliv\u00fdch sc\u00e9n\u00e1\u0159\u016f spot\u016f bezpe\u010dnostn\u00ed kampan\u011b pro \u010ceskou bankovn\u00ed asociaci.<\/p>\n","protected":false},"author":2,"featured_media":0,"parent":0,"menu_order":0,"comment_status":"closed","ping_status":"closed","template":"","meta":{"ngg_post_thumbnail":0,"footnotes":""},"_links":{"self":[{"href":"https:\/\/www.baraklara.cz\/index.php?rest_route=\/wp\/v2\/pages\/1318"}],"collection":[{"href":"https:\/\/www.baraklara.cz\/index.php?rest_route=\/wp\/v2\/pages"}],"about":[{"href":"https:\/\/www.baraklara.cz\/index.php?rest_route=\/wp\/v2\/types\/page"}],"author":[{"embeddable":true,"href":"https:\/\/www.baraklara.cz\/index.php?rest_route=\/wp\/v2\/users\/2"}],"replies":[{"embeddable":true,"href":"https:\/\/www.baraklara.cz\/index.php?rest_route=%2Fwp%2Fv2%2Fcomments&post=1318"}],"version-history":[{"count":6,"href":"https:\/\/www.baraklara.cz\/index.php?rest_route=\/wp\/v2\/pages\/1318\/revisions"}],"predecessor-version":[{"id":2106,"href":"https:\/\/www.baraklara.cz\/index.php?rest_route=\/wp\/v2\/pages\/1318\/revisions\/2106"}],"wp:attachment":[{"href":"https:\/\/www.baraklara.cz\/index.php?rest_route=%2Fwp%2Fv2%2Fmedia&parent=1318"}],"curies":[{"name":"wp","href":"https:\/\/api.w.org\/{rel}","templated":true}]}}