{"id":1271,"date":"2017-09-04T16:46:21","date_gmt":"2017-09-04T16:46:21","guid":{"rendered":"http:\/\/www.baraklara.cz\/?page_id=1271"},"modified":"2023-08-29T06:30:41","modified_gmt":"2023-08-29T06:30:41","slug":"ct-d","status":"publish","type":"page","link":"https:\/\/www.baraklara.cz\/?page_id=1271","title":{"rendered":"\u010cT :D"},"content":{"rendered":"<p>&nbsp; V\u00edte, co m\u00e1 ka\u017ed\u00fd \u010dlov\u011bk na sv\u011bt\u011b? T\u011blo. B\u011bhem d\u011btstv\u00ed a dosp\u00edv\u00e1n\u00ed se u\u010d\u00edme pozn\u00e1vat, jak t\u011blo funguje, jak se o n\u011bj starat a jak ho spr\u00e1vn\u011b pou\u017e\u00edvat. Co kdy\u017e si ale t\u011blo takzvan\u011b postav\u00ed hlavu a za\u010dne se chovat z\u00e1ludn\u011b? Projevuje se zcela nez\u00e1visle na v\u016fli sv\u00e9ho <a href=\"https:\/\/www.baraklara.cz\/?page_id=1271\" title=\"Read more on \u010cT :D\" class=\"more-link\">read more<\/a><\/p>\n","protected":false},"excerpt":{"rendered":"<p>&nbsp; V\u00edte, co m\u00e1 ka\u017ed\u00fd \u010dlov\u011bk na sv\u011bt\u011b? T\u011blo. B\u011bhem d\u011btstv\u00ed a dosp\u00edv\u00e1n\u00ed se u\u010d\u00edme pozn\u00e1vat, jak t\u011blo funguje, jak se o n\u011bj starat a jak ho spr\u00e1vn\u011b pou\u017e\u00edvat. Co kdy\u017e si ale t\u011blo takzvan\u011b postav\u00ed hlavu a za\u010dne se chovat z\u00e1ludn\u011b? Projevuje se zcela nez\u00e1visle na v\u016fli sv\u00e9ho read more<\/p>\n","protected":false},"author":2,"featured_media":0,"parent":0,"menu_order":0,"comment_status":"closed","ping_status":"closed","template":"","meta":{"ngg_post_thumbnail":0,"footnotes":""},"_links":{"self":[{"href":"https:\/\/www.baraklara.cz\/index.php?rest_route=\/wp\/v2\/pages\/1271"}],"collection":[{"href":"https:\/\/www.baraklara.cz\/index.php?rest_route=\/wp\/v2\/pages"}],"about":[{"href":"https:\/\/www.baraklara.cz\/index.php?rest_route=\/wp\/v2\/types\/page"}],"author":[{"embeddable":true,"href":"https:\/\/www.baraklara.cz\/index.php?rest_route=\/wp\/v2\/users\/2"}],"replies":[{"embeddable":true,"href":"https:\/\/www.baraklara.cz\/index.php?rest_route=%2Fwp%2Fv2%2Fcomments&post=1271"}],"version-history":[{"count":7,"href":"https:\/\/www.baraklara.cz\/index.php?rest_route=\/wp\/v2\/pages\/1271\/revisions"}],"predecessor-version":[{"id":2228,"href":"https:\/\/www.baraklara.cz\/index.php?rest_route=\/wp\/v2\/pages\/1271\/revisions\/2228"}],"wp:attachment":[{"href":"https:\/\/www.baraklara.cz\/index.php?rest_route=%2Fwp%2Fv2%2Fmedia&parent=1271"}],"curies":[{"name":"wp","href":"https:\/\/api.w.org\/{rel}","templated":true}]}}