{"id":1083,"date":"2017-08-25T16:22:32","date_gmt":"2017-08-25T16:22:32","guid":{"rendered":"http:\/\/www.baraklara.cz\/?page_id=1083"},"modified":"2021-03-17T22:35:23","modified_gmt":"2021-03-17T22:35:23","slug":"kniha-preklep-a-skraloup","status":"publish","type":"page","link":"https:\/\/www.baraklara.cz\/?page_id=1083","title":{"rendered":"Kniha P\u0159eklep a \u0160kraloup"},"content":{"rendered":"<p>S&nbsp;Tom\u00e1\u0161em Kon\u010dinsk\u00fdm jsme napsali knihu pro d\u011bti, sklidili za ni dv\u011b ceny a skv\u011bl\u00e9 recenze. Zde se m\u016f\u017eete pod\u00edvat na report\u00e1\u017e v po\u0159adu Ud\u00e1losti v kultu\u0159e. Knihu m\u016f\u017eete koupit tady.<\/p>\n","protected":false},"excerpt":{"rendered":"<p>S&nbsp;Tom\u00e1\u0161em Kon\u010dinsk\u00fdm jsme napsali knihu pro d\u011bti, sklidili za ni dv\u011b ceny a skv\u011bl\u00e9 recenze. Zde se m\u016f\u017eete pod\u00edvat na report\u00e1\u017e v po\u0159adu Ud\u00e1losti v kultu\u0159e. Knihu m\u016f\u017eete koupit tady.<\/p>\n","protected":false},"author":2,"featured_media":0,"parent":0,"menu_order":0,"comment_status":"closed","ping_status":"closed","template":"","meta":{"ngg_post_thumbnail":0,"footnotes":""},"_links":{"self":[{"href":"https:\/\/www.baraklara.cz\/index.php?rest_route=\/wp\/v2\/pages\/1083"}],"collection":[{"href":"https:\/\/www.baraklara.cz\/index.php?rest_route=\/wp\/v2\/pages"}],"about":[{"href":"https:\/\/www.baraklara.cz\/index.php?rest_route=\/wp\/v2\/types\/page"}],"author":[{"embeddable":true,"href":"https:\/\/www.baraklara.cz\/index.php?rest_route=\/wp\/v2\/users\/2"}],"replies":[{"embeddable":true,"href":"https:\/\/www.baraklara.cz\/index.php?rest_route=%2Fwp%2Fv2%2Fcomments&post=1083"}],"version-history":[{"count":30,"href":"https:\/\/www.baraklara.cz\/index.php?rest_route=\/wp\/v2\/pages\/1083\/revisions"}],"predecessor-version":[{"id":2095,"href":"https:\/\/www.baraklara.cz\/index.php?rest_route=\/wp\/v2\/pages\/1083\/revisions\/2095"}],"wp:attachment":[{"href":"https:\/\/www.baraklara.cz\/index.php?rest_route=%2Fwp%2Fv2%2Fmedia&parent=1083"}],"curies":[{"name":"wp","href":"https:\/\/api.w.org\/{rel}","templated":true}]}}